{"id":343,"date":"2018-01-18T18:25:37","date_gmt":"2018-01-18T18:25:37","guid":{"rendered":"http:\/\/swisstricks.com\/startseite\/"},"modified":"2018-07-10T14:48:23","modified_gmt":"2018-07-10T13:48:23","slug":"startseite","status":"publish","type":"page","link":"https:\/\/swisstricks.com\/fr\/","title":{"rendered":"Home"},"content":{"rendered":"<h1 style=\"text-align: left;\">Swisstricks<\/h1>\n<p style=\"text-align: left;\">Swisstricks est une \u00e9quipe d&rsquo;arts martiaux acrobatiques de Berne, en Suisse. Depuis 2003, nous enthousiasmons les spectateurs sur les petites et grandes sc\u00e8nes du pays et \u00e0 l&rsquo;\u00e9tranger. Nous<br \/>\noffrons des spectacles, proposons des artistes individuels, r\u00e9alisons divers projets, supervisons des entra\u00eenements ouverts et animons des cours ainsi que des ateliers dans le domaine de l&rsquo;acrobatie et du tricking.<\/p>\n","protected":false},"excerpt":{"rendered":"<p>Swisstricks Swisstricks est une \u00e9quipe d&rsquo;arts martiaux acrobatiques de Berne, en Suisse. Depuis 2003, nous enthousiasmons les spectateurs sur les petites et grandes sc\u00e8nes du pays et \u00e0 l&rsquo;\u00e9tranger. Nous offrons des spectacles, proposons des artistes individuels, r\u00e9alisons divers projets, supervisons des entra\u00eenements ouverts et animons des cours ainsi que des ateliers dans le domaine [&hellip;]<\/p>\n","protected":false},"author":1,"featured_media":0,"parent":0,"menu_order":0,"comment_status":"closed","ping_status":"closed","template":"","meta":{"_acf_changed":false,"inline_featured_image":false,"footnotes":""},"acf":[],"_links":{"self":[{"href":"https:\/\/swisstricks.com\/fr\/wp-json\/wp\/v2\/pages\/343"}],"collection":[{"href":"https:\/\/swisstricks.com\/fr\/wp-json\/wp\/v2\/pages"}],"about":[{"href":"https:\/\/swisstricks.com\/fr\/wp-json\/wp\/v2\/types\/page"}],"author":[{"embeddable":true,"href":"https:\/\/swisstricks.com\/fr\/wp-json\/wp\/v2\/users\/1"}],"replies":[{"embeddable":true,"href":"https:\/\/swisstricks.com\/fr\/wp-json\/wp\/v2\/comments?post=343"}],"version-history":[{"count":5,"href":"https:\/\/swisstricks.com\/fr\/wp-json\/wp\/v2\/pages\/343\/revisions"}],"predecessor-version":[{"id":1345,"href":"https:\/\/swisstricks.com\/fr\/wp-json\/wp\/v2\/pages\/343\/revisions\/1345"}],"wp:attachment":[{"href":"https:\/\/swisstricks.com\/fr\/wp-json\/wp\/v2\/media?parent=343"}],"curies":[{"name":"wp","href":"https:\/\/api.w.org\/{rel}","templated":true}]}}