{"id":1268,"date":"2018-02-05T21:34:19","date_gmt":"2018-02-05T21:34:19","guid":{"rendered":"https:\/\/dev.swisstricks.com\/training\/workshops\/"},"modified":"2018-07-03T16:26:32","modified_gmt":"2018-07-03T15:26:32","slug":"workshops","status":"publish","type":"page","link":"https:\/\/swisstricks.com\/fr\/training\/workshops\/","title":{"rendered":"Workshops"},"content":{"rendered":"<h1>Workshops<\/h1>\n<p><span style=\"font-weight: 400;\">Nous sommes \u00e9galement heureux de transmettre notre savoir-faire. Au cours d&rsquo;un atelier, nous venons chez vous et vous montrons comment entra\u00eener les mouvements complexes afin de ne pas vous blesser pendant l&rsquo;entra\u00eenement individuel.<\/span><\/p>\n<p><span style=\"font-weight: 400;\">Apr\u00e8s un \u00e9chauffement commun, les techniques de saut \/ coup de pied \/ ainsi que les \u00e9l\u00e9ments de base acrobatiques sont appris si n\u00e9cessaire. En fonction de vos souhaits ou de vos besoins, les diff\u00e9rents mouvements sont analys\u00e9s et divis\u00e9s en \u00e9tapes individuelles\u2026celles-ci sont examin\u00e9es et reconstitu\u00e9es comme dans un puzzle jusqu&rsquo;\u00e0 l&rsquo;ensemble du mouvement.<\/span><\/p>\n<p><span style=\"font-weight: 400;\">Si vous \u00eates int\u00e9ress\u00e9s par un atelier, veuillez\u00a0<a href=\"https:\/\/swisstricks.com\/fr\/kontakt\/\">nous contacter<\/a>\u00a0directement.<\/span><\/p>\n<p>&nbsp;<\/p>\n","protected":false},"excerpt":{"rendered":"<p>Workshops Nous sommes \u00e9galement heureux de transmettre notre savoir-faire. Au cours d&rsquo;un atelier, nous venons chez vous et vous montrons comment entra\u00eener les mouvements complexes afin de ne pas vous blesser pendant l&rsquo;entra\u00eenement individuel. Apr\u00e8s un \u00e9chauffement commun, les techniques de saut \/ coup de pied \/ ainsi que les \u00e9l\u00e9ments de base acrobatiques sont [&hellip;]<\/p>\n","protected":false},"author":1,"featured_media":845,"parent":1245,"menu_order":0,"comment_status":"closed","ping_status":"closed","template":"","meta":{"_acf_changed":false,"inline_featured_image":false,"footnotes":""},"acf":[],"_links":{"self":[{"href":"https:\/\/swisstricks.com\/fr\/wp-json\/wp\/v2\/pages\/1268"}],"collection":[{"href":"https:\/\/swisstricks.com\/fr\/wp-json\/wp\/v2\/pages"}],"about":[{"href":"https:\/\/swisstricks.com\/fr\/wp-json\/wp\/v2\/types\/page"}],"author":[{"embeddable":true,"href":"https:\/\/swisstricks.com\/fr\/wp-json\/wp\/v2\/users\/1"}],"replies":[{"embeddable":true,"href":"https:\/\/swisstricks.com\/fr\/wp-json\/wp\/v2\/comments?post=1268"}],"version-history":[{"count":1,"href":"https:\/\/swisstricks.com\/fr\/wp-json\/wp\/v2\/pages\/1268\/revisions"}],"predecessor-version":[{"id":1269,"href":"https:\/\/swisstricks.com\/fr\/wp-json\/wp\/v2\/pages\/1268\/revisions\/1269"}],"up":[{"embeddable":true,"href":"https:\/\/swisstricks.com\/fr\/wp-json\/wp\/v2\/pages\/1245"}],"wp:featuredmedia":[{"embeddable":true,"href":"https:\/\/swisstricks.com\/fr\/wp-json\/wp\/v2\/media\/845"}],"wp:attachment":[{"href":"https:\/\/swisstricks.com\/fr\/wp-json\/wp\/v2\/media?parent=1268"}],"curies":[{"name":"wp","href":"https:\/\/api.w.org\/{rel}","templated":true}]}}