{"id":1261,"date":"2018-02-05T21:32:42","date_gmt":"2018-02-05T21:32:42","guid":{"rendered":"https:\/\/dev.swisstricks.com\/training\/offene-trainings\/"},"modified":"2024-01-31T11:27:32","modified_gmt":"2024-01-31T10:27:32","slug":"offene-trainings","status":"publish","type":"page","link":"https:\/\/swisstricks.com\/fr\/training\/offene-trainings\/","title":{"rendered":"Entra\u00eenements ouverts"},"content":{"rendered":"<h1 style=\"text-align: left;\">Entra\u00eenements ouverts<\/h1>\n<p><span style=\"font-weight: 400;\">Trois fois par semaine, nous exploitons sous le nom de \u00ab\u00a0Tricking Bern\u00a0\u00bb, une salle d&rsquo;entra\u00eenement dans l&rsquo;Ostring \u00e0 Berne. Tout le monde est ici le bienvenu pour s&rsquo;entra\u00eener avec nous, rencontrer des gens aux vues similaires, s&rsquo;inspirer et profiter les uns des autres.<\/span><\/p>\n<p><span style=\"font-weight: 400;\">Les formations sont supervis\u00e9es mais non conduites et chacun est responsable de lui-m\u00eame. Avant chaque entra\u00eenement il faut voir dans la story de notre Instagram <a href=\"https:\/\/www.instagram.com\/tricking_bern\">@tricking_bern<\/a> si la session a lieu.<\/span><\/p>\n<p><span style=\"font-weight: 400;\">Pour des questions g\u00e9n\u00e9rales, veuillez\u00a0<a href=\"https:\/\/swisstricks.com\/fr\/kontakt\/\">nous contacter<\/a>\u00a0directement.<\/span><\/p>\n","protected":false},"excerpt":{"rendered":"<p>Entra\u00eenements ouverts Trois fois par semaine, nous exploitons sous le nom de \u00ab\u00a0Tricking Bern\u00a0\u00bb, une salle d&rsquo;entra\u00eenement dans l&rsquo;Ostring \u00e0 Berne. Tout le monde est ici le bienvenu pour s&rsquo;entra\u00eener avec nous, rencontrer des gens aux vues similaires, s&rsquo;inspirer et profiter les uns des autres. Les formations sont supervis\u00e9es mais non conduites et chacun est [&hellip;]<\/p>\n","protected":false},"author":1,"featured_media":677,"parent":1245,"menu_order":0,"comment_status":"closed","ping_status":"closed","template":"","meta":{"_acf_changed":false,"inline_featured_image":false,"footnotes":""},"acf":[],"_links":{"self":[{"href":"https:\/\/swisstricks.com\/fr\/wp-json\/wp\/v2\/pages\/1261"}],"collection":[{"href":"https:\/\/swisstricks.com\/fr\/wp-json\/wp\/v2\/pages"}],"about":[{"href":"https:\/\/swisstricks.com\/fr\/wp-json\/wp\/v2\/types\/page"}],"author":[{"embeddable":true,"href":"https:\/\/swisstricks.com\/fr\/wp-json\/wp\/v2\/users\/1"}],"replies":[{"embeddable":true,"href":"https:\/\/swisstricks.com\/fr\/wp-json\/wp\/v2\/comments?post=1261"}],"version-history":[{"count":4,"href":"https:\/\/swisstricks.com\/fr\/wp-json\/wp\/v2\/pages\/1261\/revisions"}],"predecessor-version":[{"id":1367,"href":"https:\/\/swisstricks.com\/fr\/wp-json\/wp\/v2\/pages\/1261\/revisions\/1367"}],"up":[{"embeddable":true,"href":"https:\/\/swisstricks.com\/fr\/wp-json\/wp\/v2\/pages\/1245"}],"wp:featuredmedia":[{"embeddable":true,"href":"https:\/\/swisstricks.com\/fr\/wp-json\/wp\/v2\/media\/677"}],"wp:attachment":[{"href":"https:\/\/swisstricks.com\/fr\/wp-json\/wp\/v2\/media?parent=1261"}],"curies":[{"name":"wp","href":"https:\/\/api.w.org\/{rel}","templated":true}]}}