{"id":1252,"date":"2018-02-05T21:33:43","date_gmt":"2018-02-05T21:33:43","guid":{"rendered":"https:\/\/dev.swisstricks.com\/training\/geleitete-trainings\/"},"modified":"2018-07-03T16:17:25","modified_gmt":"2018-07-03T15:17:25","slug":"geleitete-trainings","status":"publish","type":"page","link":"https:\/\/swisstricks.com\/fr\/training\/geleitete-trainings\/","title":{"rendered":"Entra\u00eenement conduits"},"content":{"rendered":"<h1 style=\"text-align: left;\">Entra\u00eenments conduits<\/h1>\n<p><span style=\"font-weight: 400;\">Depuis plusieurs ann\u00e9es, nous enseignons aux passionn\u00e9s du mouvement, des jeunes aux plus \u00e2g\u00e9s. Une fois par semaine, vous avez la possibilit\u00e9 d&rsquo;apprendre les mouvements complexes en toute s\u00e9curit\u00e9.<\/span><\/p>\n<p><span style=\"font-weight: 400;\">L&rsquo;\u00e2ge minimum des participants est de 14 ans.<\/span><\/p>\n<p><span style=\"font-weight: 400;\">Notre syst\u00e8me d`entra\u00eenement fonctionne sur une solution APP \/ WEB &#8211; ici le lien:\u00a0<a href=\"http:\/\/trickingbern.teamapp.com\">trickingbern.teamapp.com<\/a><\/span><\/p>\n<p><span style=\"font-weight: 400;\">Pour des questions g\u00e9n\u00e9rales, veuillez\u00a0<a href=\"https:\/\/swisstricks.com\/fr\/kontakt\/\">nous contacter<\/a> directement.<\/span><\/p>\n<p>&nbsp;<\/p>\n<p style=\"text-align: left;\">\n","protected":false},"excerpt":{"rendered":"<p>Entra\u00eenments conduits Depuis plusieurs ann\u00e9es, nous enseignons aux passionn\u00e9s du mouvement, des jeunes aux plus \u00e2g\u00e9s. Une fois par semaine, vous avez la possibilit\u00e9 d&rsquo;apprendre les mouvements complexes en toute s\u00e9curit\u00e9. L&rsquo;\u00e2ge minimum des participants est de 14 ans. Notre syst\u00e8me d`entra\u00eenement fonctionne sur une solution APP \/ WEB &#8211; ici le lien:\u00a0trickingbern.teamapp.com Pour des [&hellip;]<\/p>\n","protected":false},"author":1,"featured_media":860,"parent":1245,"menu_order":0,"comment_status":"closed","ping_status":"closed","template":"","meta":{"_acf_changed":false,"inline_featured_image":false,"footnotes":""},"acf":[],"_links":{"self":[{"href":"https:\/\/swisstricks.com\/fr\/wp-json\/wp\/v2\/pages\/1252"}],"collection":[{"href":"https:\/\/swisstricks.com\/fr\/wp-json\/wp\/v2\/pages"}],"about":[{"href":"https:\/\/swisstricks.com\/fr\/wp-json\/wp\/v2\/types\/page"}],"author":[{"embeddable":true,"href":"https:\/\/swisstricks.com\/fr\/wp-json\/wp\/v2\/users\/1"}],"replies":[{"embeddable":true,"href":"https:\/\/swisstricks.com\/fr\/wp-json\/wp\/v2\/comments?post=1252"}],"version-history":[{"count":2,"href":"https:\/\/swisstricks.com\/fr\/wp-json\/wp\/v2\/pages\/1252\/revisions"}],"predecessor-version":[{"id":1349,"href":"https:\/\/swisstricks.com\/fr\/wp-json\/wp\/v2\/pages\/1252\/revisions\/1349"}],"up":[{"embeddable":true,"href":"https:\/\/swisstricks.com\/fr\/wp-json\/wp\/v2\/pages\/1245"}],"wp:featuredmedia":[{"embeddable":true,"href":"https:\/\/swisstricks.com\/fr\/wp-json\/wp\/v2\/media\/860"}],"wp:attachment":[{"href":"https:\/\/swisstricks.com\/fr\/wp-json\/wp\/v2\/media?parent=1252"}],"curies":[{"name":"wp","href":"https:\/\/api.w.org\/{rel}","templated":true}]}}