{"id":1245,"date":"2018-01-18T18:28:08","date_gmt":"2018-01-18T18:28:08","guid":{"rendered":"https:\/\/dev.swisstricks.com\/training\/"},"modified":"2018-07-03T16:11:01","modified_gmt":"2018-07-03T15:11:01","slug":"training","status":"publish","type":"page","link":"https:\/\/swisstricks.com\/fr\/training\/","title":{"rendered":"Training"},"content":{"rendered":"<h1>Entra\u00eenements<\/h1>\n<p><span style=\"font-weight: 400;\">Depuis longtemps, Swisstricks propose diff\u00e9rentes formes d&rsquo;entra\u00eenement. Lors de s\u00e9ances d\u2019entra\u00eenement guid\u00e9es, les mouvements complexes sont analys\u00e9s et entra\u00een\u00e9s.<\/span><\/p>\n<p><span style=\"font-weight: 400;\">Dans nos classes ouvertes, les d\u00e9butants et les participants avanc\u00e9s se rencontrent. Danseurs, tricksters, freerunners, artistes et amateurs de mouvement, du plus jeune au plus \u00e2g\u00e9, s&rsquo;entra\u00eenent ensemble pour se soutenir et apprendre les uns des autres.<\/span><\/p>\n<p><span style=\"font-weight: 400;\"> Nous transmettons volontiers notre savoir-faire lors de ces ateliers.<\/span><\/p>\n","protected":false},"excerpt":{"rendered":"<p>Entra\u00eenements Depuis longtemps, Swisstricks propose diff\u00e9rentes formes d&rsquo;entra\u00eenement. Lors de s\u00e9ances d\u2019entra\u00eenement guid\u00e9es, les mouvements complexes sont analys\u00e9s et entra\u00een\u00e9s. Dans nos classes ouvertes, les d\u00e9butants et les participants avanc\u00e9s se rencontrent. Danseurs, tricksters, freerunners, artistes et amateurs de mouvement, du plus jeune au plus \u00e2g\u00e9, s&rsquo;entra\u00eenent ensemble pour se soutenir et apprendre les uns [&hellip;]<\/p>\n","protected":false},"author":1,"featured_media":680,"parent":0,"menu_order":0,"comment_status":"closed","ping_status":"closed","template":"","meta":{"_acf_changed":false,"inline_featured_image":false,"footnotes":""},"acf":[],"_links":{"self":[{"href":"https:\/\/swisstricks.com\/fr\/wp-json\/wp\/v2\/pages\/1245"}],"collection":[{"href":"https:\/\/swisstricks.com\/fr\/wp-json\/wp\/v2\/pages"}],"about":[{"href":"https:\/\/swisstricks.com\/fr\/wp-json\/wp\/v2\/types\/page"}],"author":[{"embeddable":true,"href":"https:\/\/swisstricks.com\/fr\/wp-json\/wp\/v2\/users\/1"}],"replies":[{"embeddable":true,"href":"https:\/\/swisstricks.com\/fr\/wp-json\/wp\/v2\/comments?post=1245"}],"version-history":[{"count":1,"href":"https:\/\/swisstricks.com\/fr\/wp-json\/wp\/v2\/pages\/1245\/revisions"}],"predecessor-version":[{"id":1246,"href":"https:\/\/swisstricks.com\/fr\/wp-json\/wp\/v2\/pages\/1245\/revisions\/1246"}],"wp:featuredmedia":[{"embeddable":true,"href":"https:\/\/swisstricks.com\/fr\/wp-json\/wp\/v2\/media\/680"}],"wp:attachment":[{"href":"https:\/\/swisstricks.com\/fr\/wp-json\/wp\/v2\/media?parent=1245"}],"curies":[{"name":"wp","href":"https:\/\/api.w.org\/{rel}","templated":true}]}}