{"id":1239,"date":"2018-01-18T18:27:51","date_gmt":"2018-01-18T18:27:51","guid":{"rendered":"https:\/\/dev.swisstricks.com\/showteam\/"},"modified":"2018-07-10T14:31:38","modified_gmt":"2018-07-10T13:31:38","slug":"showteam","status":"publish","type":"page","link":"https:\/\/swisstricks.com\/fr\/showteam\/","title":{"rendered":"Showteam"},"content":{"rendered":"<h1 style=\"text-align: left;\">Showteam<\/h1>\n<p><span style=\"font-weight: 400;\">Swisstricks est une \u00e9quipe d&rsquo;arts martiaux acrobatiques de Berne en Suisse et se compose d&rsquo;excellents artistes en arts martiaux et en freestyle. La formation combine diff\u00e9rents styles et \u00e9l\u00e9ments des arts martiaux \/ breakdance avec de l&rsquo;acrobatie. Le tout est distill\u00e9 dans un spectacle explosif, chor\u00e9graphi\u00e9 et \u00e9pic\u00e9 d&rsquo;une bonne pinc\u00e9e d&rsquo;humour. Depuis 2003, l\u2019\u00e9quipe enthousiasme le public sur les petites et grandes sc\u00e8nes nationales et internationales.<\/span><\/p>\n<p><span style=\"font-weight: 400;\">Qu&rsquo;il s&rsquo;agisse d&rsquo;un bloc de spectacles, d&rsquo;une promotion de gu\u00e9rilla, d&rsquo;une foire, d&rsquo;un spectacle sur sc\u00e8ne, d&rsquo;un gala, d&rsquo;un spectacle de vari\u00e9t\u00e9s ou d&rsquo;un \u00e9v\u00e9nement d&rsquo;entreprise, nous avons un vaste r\u00e9pertoire \u00e0 notre disposition, nous r\u00e9alisons habilement vos souhaits et avec vous, faisons de chaque \u00e9v\u00e9nement une exp\u00e9rience inoubliable.<\/span><\/p>\n","protected":false},"excerpt":{"rendered":"<p>Showteam Swisstricks est une \u00e9quipe d&rsquo;arts martiaux acrobatiques de Berne en Suisse et se compose d&rsquo;excellents artistes en arts martiaux et en freestyle. La formation combine diff\u00e9rents styles et \u00e9l\u00e9ments des arts martiaux \/ breakdance avec de l&rsquo;acrobatie. Le tout est distill\u00e9 dans un spectacle explosif, chor\u00e9graphi\u00e9 et \u00e9pic\u00e9 d&rsquo;une bonne pinc\u00e9e d&rsquo;humour. Depuis 2003, [&hellip;]<\/p>\n","protected":false},"author":1,"featured_media":827,"parent":0,"menu_order":0,"comment_status":"closed","ping_status":"closed","template":"","meta":{"_acf_changed":false,"inline_featured_image":false,"footnotes":""},"acf":[],"_links":{"self":[{"href":"https:\/\/swisstricks.com\/fr\/wp-json\/wp\/v2\/pages\/1239"}],"collection":[{"href":"https:\/\/swisstricks.com\/fr\/wp-json\/wp\/v2\/pages"}],"about":[{"href":"https:\/\/swisstricks.com\/fr\/wp-json\/wp\/v2\/types\/page"}],"author":[{"embeddable":true,"href":"https:\/\/swisstricks.com\/fr\/wp-json\/wp\/v2\/users\/1"}],"replies":[{"embeddable":true,"href":"https:\/\/swisstricks.com\/fr\/wp-json\/wp\/v2\/comments?post=1239"}],"version-history":[{"count":3,"href":"https:\/\/swisstricks.com\/fr\/wp-json\/wp\/v2\/pages\/1239\/revisions"}],"predecessor-version":[{"id":1343,"href":"https:\/\/swisstricks.com\/fr\/wp-json\/wp\/v2\/pages\/1239\/revisions\/1343"}],"wp:featuredmedia":[{"embeddable":true,"href":"https:\/\/swisstricks.com\/fr\/wp-json\/wp\/v2\/media\/827"}],"wp:attachment":[{"href":"https:\/\/swisstricks.com\/fr\/wp-json\/wp\/v2\/media?parent=1239"}],"curies":[{"name":"wp","href":"https:\/\/api.w.org\/{rel}","templated":true}]}}