{"id":1230,"date":"2018-02-11T17:52:18","date_gmt":"2018-02-11T17:52:18","guid":{"rendered":"https:\/\/dev.swisstricks.com\/projects\/tricking-adventures\/"},"modified":"2018-07-03T16:06:30","modified_gmt":"2018-07-03T15:06:30","slug":"tricking-adventures","status":"publish","type":"page","link":"https:\/\/swisstricks.com\/fr\/projects\/tricking-adventures\/","title":{"rendered":"Tricking Adventures"},"content":{"rendered":"<h1>Tricking Adventures<\/h1>\n<p><a href=\"https:\/\/www.instagram.com\/tricking.adventures\/\" target=\"_blank\" rel=\"noopener noreferrer\">@tricking.adventures<\/a> &#8211; voyager<span style=\"font-weight: 400;\">, photographier, filmer, courts trajets et tricking &#8230; en m\u00e9langeant toutes ces passions, une forme d&rsquo;art spectaculaire est cr\u00e9e.<\/span><\/p>\n<p><span style=\"font-weight: 400;\">R\u00e9guli\u00e8rement nous nous d\u00e9pla\u00e7ons spontan\u00e9ment ou planifions une nouvelle aventure en cr\u00e9ant des photos et des vid\u00e9os de nos excursions . Soit seul ou en groupe.<\/span><\/p>\n<pre id=\"tw-target-text\" class=\"tw-data-text tw-ta tw-text-small\" dir=\"ltr\" data-placeholder=\"Translation\" data-fulltext=\"\"><span lang=\"fr\">\r\n\r\n\r\n<\/span><\/pre>\n","protected":false},"excerpt":{"rendered":"<p>Tricking Adventures @tricking.adventures &#8211; voyager, photographier, filmer, courts trajets et tricking &#8230; en m\u00e9langeant toutes ces passions, une forme d&rsquo;art spectaculaire est cr\u00e9e. R\u00e9guli\u00e8rement nous nous d\u00e9pla\u00e7ons spontan\u00e9ment ou planifions une nouvelle aventure en cr\u00e9ant des photos et des vid\u00e9os de nos excursions . Soit seul ou en groupe.<\/p>\n","protected":false},"author":1,"featured_media":668,"parent":1208,"menu_order":0,"comment_status":"closed","ping_status":"closed","template":"","meta":{"_acf_changed":false,"inline_featured_image":false,"footnotes":""},"acf":[],"_links":{"self":[{"href":"https:\/\/swisstricks.com\/fr\/wp-json\/wp\/v2\/pages\/1230"}],"collection":[{"href":"https:\/\/swisstricks.com\/fr\/wp-json\/wp\/v2\/pages"}],"about":[{"href":"https:\/\/swisstricks.com\/fr\/wp-json\/wp\/v2\/types\/page"}],"author":[{"embeddable":true,"href":"https:\/\/swisstricks.com\/fr\/wp-json\/wp\/v2\/users\/1"}],"replies":[{"embeddable":true,"href":"https:\/\/swisstricks.com\/fr\/wp-json\/wp\/v2\/comments?post=1230"}],"version-history":[{"count":2,"href":"https:\/\/swisstricks.com\/fr\/wp-json\/wp\/v2\/pages\/1230\/revisions"}],"predecessor-version":[{"id":1232,"href":"https:\/\/swisstricks.com\/fr\/wp-json\/wp\/v2\/pages\/1230\/revisions\/1232"}],"up":[{"embeddable":true,"href":"https:\/\/swisstricks.com\/fr\/wp-json\/wp\/v2\/pages\/1208"}],"wp:featuredmedia":[{"embeddable":true,"href":"https:\/\/swisstricks.com\/fr\/wp-json\/wp\/v2\/media\/668"}],"wp:attachment":[{"href":"https:\/\/swisstricks.com\/fr\/wp-json\/wp\/v2\/media?parent=1230"}],"curies":[{"name":"wp","href":"https:\/\/api.w.org\/{rel}","templated":true}]}}