{"id":1222,"date":"2018-02-11T17:45:58","date_gmt":"2018-02-11T17:45:58","guid":{"rendered":"https:\/\/dev.swisstricks.com\/projects\/swiss-trick-nation\/"},"modified":"2018-07-03T15:58:01","modified_gmt":"2018-07-03T14:58:01","slug":"swiss-trick-nation","status":"publish","type":"page","link":"https:\/\/swisstricks.com\/fr\/projects\/swiss-trick-nation\/","title":{"rendered":"Swiss Trick Nation"},"content":{"rendered":"<h1>Swiss Trick Nation<\/h1>\n<p><span style=\"font-weight: 400;\">Pas seulement a Berne il y a une communaut\u00e9 de tricking. Il existe des gym et des endroits d&rsquo;entra\u00eenements dans toute la suisse. Swiss Trick Nation est sorte une platforme pour unir et connecter la sc\u00e8ne nationale de tricking.<\/span><span style=\"font-weight: 400;\"><br \/>\n<\/span><span style=\"font-weight: 400;\">R\u00e9guli\u00e8rement, les diff\u00e9rents groupes se rencontre pour s&rsquo;entra\u00eener ensemble et faire grandir la communaut\u00e9.<\/span><\/p>\n<pre id=\"tw-target-text\" class=\"tw-data-text tw-ta tw-text-small\" dir=\"ltr\" data-placeholder=\"Translation\" data-fulltext=\"\">\r\n<\/pre>\n<p><iframe loading=\"lazy\" src=\"https:\/\/www.google.com\/maps\/d\/embed?mid=10Ei0z44z_qic-GQ2JrHs3ZtSsvuhLpve&amp;hl=de\" width=\"100%\" height=\"480\"><\/iframe><\/p>\n","protected":false},"excerpt":{"rendered":"<p>Swiss Trick Nation Pas seulement a Berne il y a une communaut\u00e9 de tricking. Il existe des gym et des endroits d&rsquo;entra\u00eenements dans toute la suisse. Swiss Trick Nation est sorte une platforme pour unir et connecter la sc\u00e8ne nationale de tricking. R\u00e9guli\u00e8rement, les diff\u00e9rents groupes se rencontre pour s&rsquo;entra\u00eener ensemble et faire grandir la [&hellip;]<\/p>\n","protected":false},"author":1,"featured_media":788,"parent":1208,"menu_order":0,"comment_status":"closed","ping_status":"closed","template":"","meta":{"_acf_changed":false,"inline_featured_image":false,"footnotes":""},"acf":[],"_links":{"self":[{"href":"https:\/\/swisstricks.com\/fr\/wp-json\/wp\/v2\/pages\/1222"}],"collection":[{"href":"https:\/\/swisstricks.com\/fr\/wp-json\/wp\/v2\/pages"}],"about":[{"href":"https:\/\/swisstricks.com\/fr\/wp-json\/wp\/v2\/types\/page"}],"author":[{"embeddable":true,"href":"https:\/\/swisstricks.com\/fr\/wp-json\/wp\/v2\/users\/1"}],"replies":[{"embeddable":true,"href":"https:\/\/swisstricks.com\/fr\/wp-json\/wp\/v2\/comments?post=1222"}],"version-history":[{"count":3,"href":"https:\/\/swisstricks.com\/fr\/wp-json\/wp\/v2\/pages\/1222\/revisions"}],"predecessor-version":[{"id":1225,"href":"https:\/\/swisstricks.com\/fr\/wp-json\/wp\/v2\/pages\/1222\/revisions\/1225"}],"up":[{"embeddable":true,"href":"https:\/\/swisstricks.com\/fr\/wp-json\/wp\/v2\/pages\/1208"}],"wp:featuredmedia":[{"embeddable":true,"href":"https:\/\/swisstricks.com\/fr\/wp-json\/wp\/v2\/media\/788"}],"wp:attachment":[{"href":"https:\/\/swisstricks.com\/fr\/wp-json\/wp\/v2\/media?parent=1222"}],"curies":[{"name":"wp","href":"https:\/\/api.w.org\/{rel}","templated":true}]}}