{"id":1214,"date":"2018-02-11T17:51:44","date_gmt":"2018-02-11T17:51:44","guid":{"rendered":"https:\/\/dev.swisstricks.com\/projects\/helvetic-tricking\/"},"modified":"2018-07-03T15:48:05","modified_gmt":"2018-07-03T14:48:05","slug":"helvetic-tricking","status":"publish","type":"page","link":"https:\/\/swisstricks.com\/fr\/projects\/helvetic-tricking\/","title":{"rendered":"Helvetic Tricking"},"content":{"rendered":"<h1>Helvetic Tricking<\/h1>\n<p>Apr\u00e8s un premier projet \u00ab\u00a0no-budge\u00a0\u00bb de six jours en 2012, nous avons lanc\u00e9 un deuxi\u00e8me projet de film plus professionnel en 2014. Des paysages \u00e0 couper le souffle et des acrobaties spectaculaires en slow motion montrent la Suisse d&rsquo;un point de vue inhabituel. Montagnes, vall\u00e9es et lacs deviennent notre sc\u00e8ne. Arm\u00e9s de mat\u00e9riel photo et vid\u00e9o, nous voyageons \u00e0 travers notre pays d&rsquo;origine et nous montrons son c\u00f4t\u00e9 carte postale.<\/p>\n","protected":false},"excerpt":{"rendered":"<p>Helvetic Tricking Apr\u00e8s un premier projet \u00ab\u00a0no-budge\u00a0\u00bb de six jours en 2012, nous avons lanc\u00e9 un deuxi\u00e8me projet de film plus professionnel en 2014. Des paysages \u00e0 couper le souffle et des acrobaties spectaculaires en slow motion montrent la Suisse d&rsquo;un point de vue inhabituel. Montagnes, vall\u00e9es et lacs deviennent notre sc\u00e8ne. Arm\u00e9s de mat\u00e9riel [&hellip;]<\/p>\n","protected":false},"author":1,"featured_media":725,"parent":1208,"menu_order":0,"comment_status":"closed","ping_status":"closed","template":"","meta":{"_acf_changed":false,"inline_featured_image":false,"footnotes":""},"acf":[],"_links":{"self":[{"href":"https:\/\/swisstricks.com\/fr\/wp-json\/wp\/v2\/pages\/1214"}],"collection":[{"href":"https:\/\/swisstricks.com\/fr\/wp-json\/wp\/v2\/pages"}],"about":[{"href":"https:\/\/swisstricks.com\/fr\/wp-json\/wp\/v2\/types\/page"}],"author":[{"embeddable":true,"href":"https:\/\/swisstricks.com\/fr\/wp-json\/wp\/v2\/users\/1"}],"replies":[{"embeddable":true,"href":"https:\/\/swisstricks.com\/fr\/wp-json\/wp\/v2\/comments?post=1214"}],"version-history":[{"count":2,"href":"https:\/\/swisstricks.com\/fr\/wp-json\/wp\/v2\/pages\/1214\/revisions"}],"predecessor-version":[{"id":1216,"href":"https:\/\/swisstricks.com\/fr\/wp-json\/wp\/v2\/pages\/1214\/revisions\/1216"}],"up":[{"embeddable":true,"href":"https:\/\/swisstricks.com\/fr\/wp-json\/wp\/v2\/pages\/1208"}],"wp:featuredmedia":[{"embeddable":true,"href":"https:\/\/swisstricks.com\/fr\/wp-json\/wp\/v2\/media\/725"}],"wp:attachment":[{"href":"https:\/\/swisstricks.com\/fr\/wp-json\/wp\/v2\/media?parent=1214"}],"curies":[{"name":"wp","href":"https:\/\/api.w.org\/{rel}","templated":true}]}}