{"id":1208,"date":"2018-01-18T18:57:08","date_gmt":"2018-01-18T18:57:08","guid":{"rendered":"https:\/\/dev.swisstricks.com\/projects\/"},"modified":"2018-07-03T14:55:27","modified_gmt":"2018-07-03T13:55:27","slug":"projects","status":"publish","type":"page","link":"https:\/\/swisstricks.com\/fr\/projects\/","title":{"rendered":"Projects"},"content":{"rendered":"<h1 style=\"text-align: left;\">Projets<\/h1>\n<p>Pendant les ann\u00e9es pas seulement l&rsquo;\u00e9quippe et les entra\u00eenements on d\u00e9velopp\u00e9&#8230;mais aussi des\u00a0diff\u00e9rents projets ainsi que la connection, la coh\u00e9sion et l&rsquo;amiti\u00e9 dans la communaut\u00e9 suisse de tricking.<\/p>\n<p>&nbsp;<\/p>\n<p>&nbsp;<\/p>\n<pre id=\"tw-target-text\" class=\"tw-data-text tw-ta tw-text-small\" dir=\"ltr\" data-placeholder=\"Translation\" data-fulltext=\"\"><\/pre>\n","protected":false},"excerpt":{"rendered":"<p>Projets Pendant les ann\u00e9es pas seulement l&rsquo;\u00e9quippe et les entra\u00eenements on d\u00e9velopp\u00e9&#8230;mais aussi des\u00a0diff\u00e9rents projets ainsi que la connection, la coh\u00e9sion et l&rsquo;amiti\u00e9 dans la communaut\u00e9 suisse de tricking. &nbsp; &nbsp;<\/p>\n","protected":false},"author":1,"featured_media":719,"parent":0,"menu_order":0,"comment_status":"closed","ping_status":"closed","template":"","meta":{"_acf_changed":false,"inline_featured_image":false,"footnotes":""},"acf":[],"_links":{"self":[{"href":"https:\/\/swisstricks.com\/fr\/wp-json\/wp\/v2\/pages\/1208"}],"collection":[{"href":"https:\/\/swisstricks.com\/fr\/wp-json\/wp\/v2\/pages"}],"about":[{"href":"https:\/\/swisstricks.com\/fr\/wp-json\/wp\/v2\/types\/page"}],"author":[{"embeddable":true,"href":"https:\/\/swisstricks.com\/fr\/wp-json\/wp\/v2\/users\/1"}],"replies":[{"embeddable":true,"href":"https:\/\/swisstricks.com\/fr\/wp-json\/wp\/v2\/comments?post=1208"}],"version-history":[{"count":4,"href":"https:\/\/swisstricks.com\/fr\/wp-json\/wp\/v2\/pages\/1208\/revisions"}],"predecessor-version":[{"id":1212,"href":"https:\/\/swisstricks.com\/fr\/wp-json\/wp\/v2\/pages\/1208\/revisions\/1212"}],"wp:featuredmedia":[{"embeddable":true,"href":"https:\/\/swisstricks.com\/fr\/wp-json\/wp\/v2\/media\/719"}],"wp:attachment":[{"href":"https:\/\/swisstricks.com\/fr\/wp-json\/wp\/v2\/media?parent=1208"}],"curies":[{"name":"wp","href":"https:\/\/api.w.org\/{rel}","templated":true}]}}