{"id":1200,"date":"2018-04-16T07:56:49","date_gmt":"2018-04-16T06:56:49","guid":{"rendered":"https:\/\/dev.swisstricks.com\/links\/"},"modified":"2018-07-03T14:32:45","modified_gmt":"2018-07-03T13:32:45","slug":"links","status":"publish","type":"page","link":"https:\/\/swisstricks.com\/fr\/links\/","title":{"rendered":"Liens"},"content":{"rendered":"<h1>Liens<\/h1>\n<p>Vous trouvez des articles sur Swisstricks sur differents sites Internet<br \/>\nVoici quelques-uns:<\/p>\n<pre id=\"tw-target-text\" class=\"tw-data-text tw-ta tw-text-small\" dir=\"ltr\" data-placeholder=\"Translation\" data-fulltext=\"\"><\/pre>\n<p><a href=\"https:\/\/www.bernerzeitung.ch\/kultur\/fernsehen\/Wilde-Berner-ueberzeugen\/story\/13733765\" target=\"_blank\" rel=\"noopener noreferrer\">Wilde Berner \u00fcberzeugen<\/a><\/p>\n<p><a href=\"https:\/\/www.berneroberlaender.ch\/redirect\/berneroberlaender.ch\/kultur\/fernsehen\/Fuenf-wilde-Berner-fliegen-ueber-die-TVTalentbuehne\/story\/10384024\" target=\"_blank\" rel=\"noopener noreferrer\">F\u00fcnf wilde Berner fliegen \u00fcber die TV-Talentb\u00fchne<\/a><\/p>\n<p><a href=\"https:\/\/www.bernerzeitung.ch\/leben\/reisen\/Akrobatischer-Roadtrip-durch-die-Schweiz\/story\/24276250\" target=\"_blank\" rel=\"noopener noreferrer\">Akrobatischer Roadtrip durch die Schweiz<\/a><\/p>\n<p><a href=\"https:\/\/www.bernerzeitung.ch\/kultur\/fernsehen\/Die-Berner-Halbfinalisten-machen-Laune\/story\/24983532\" target=\"_blank\" rel=\"noopener noreferrer\">Die Berner Halbfinalisten machen Laune<\/a><\/p>\n<p><a href=\"https:\/\/www.blick.ch\/news\/schweiz\/bern\/mittendrin-das-matterhorn-id3746660.html\" target=\"_blank\" rel=\"noopener noreferrer\">\u00abMittendrin: Das Matterhorn\u00bb<\/a><\/p>\n","protected":false},"excerpt":{"rendered":"<p>Liens Vous trouvez des articles sur Swisstricks sur differents sites Internet Voici quelques-uns: Wilde Berner \u00fcberzeugen F\u00fcnf wilde Berner fliegen \u00fcber die TV-Talentb\u00fchne Akrobatischer Roadtrip durch die Schweiz Die Berner Halbfinalisten machen Laune \u00abMittendrin: Das Matterhorn\u00bb<\/p>\n","protected":false},"author":1,"featured_media":725,"parent":0,"menu_order":0,"comment_status":"closed","ping_status":"closed","template":"","meta":{"_acf_changed":false,"inline_featured_image":false,"footnotes":""},"acf":[],"_links":{"self":[{"href":"https:\/\/swisstricks.com\/fr\/wp-json\/wp\/v2\/pages\/1200"}],"collection":[{"href":"https:\/\/swisstricks.com\/fr\/wp-json\/wp\/v2\/pages"}],"about":[{"href":"https:\/\/swisstricks.com\/fr\/wp-json\/wp\/v2\/types\/page"}],"author":[{"embeddable":true,"href":"https:\/\/swisstricks.com\/fr\/wp-json\/wp\/v2\/users\/1"}],"replies":[{"embeddable":true,"href":"https:\/\/swisstricks.com\/fr\/wp-json\/wp\/v2\/comments?post=1200"}],"version-history":[{"count":2,"href":"https:\/\/swisstricks.com\/fr\/wp-json\/wp\/v2\/pages\/1200\/revisions"}],"predecessor-version":[{"id":1202,"href":"https:\/\/swisstricks.com\/fr\/wp-json\/wp\/v2\/pages\/1200\/revisions\/1202"}],"wp:featuredmedia":[{"embeddable":true,"href":"https:\/\/swisstricks.com\/fr\/wp-json\/wp\/v2\/media\/725"}],"wp:attachment":[{"href":"https:\/\/swisstricks.com\/fr\/wp-json\/wp\/v2\/media?parent=1200"}],"curies":[{"name":"wp","href":"https:\/\/api.w.org\/{rel}","templated":true}]}}