{"id":909,"date":"2018-04-16T07:56:49","date_gmt":"2018-04-16T06:56:49","guid":{"rendered":"https:\/\/dev.swisstricks.com\/?page_id=909"},"modified":"2018-04-18T16:06:33","modified_gmt":"2018-04-18T15:06:33","slug":"links","status":"publish","type":"page","link":"https:\/\/swisstricks.com\/de\/links\/","title":{"rendered":"Links"},"content":{"rendered":"<h1>Links<\/h1>\n<p>Swisstricks ist auf verschiedenen Webseiten im Internet zu finden.<br \/>\nHier einige Links zu Beitr\u00e4gen \u00fcber uns:<\/p>\n<p>&nbsp;<\/p>\n<p><a href=\"https:\/\/www.bernerzeitung.ch\/kultur\/fernsehen\/Wilde-Berner-ueberzeugen\/story\/13733765\" target=\"_blank\" rel=\"noopener noreferrer\">Wilde Berner \u00fcberzeugen<\/a><\/p>\n<p><a href=\"https:\/\/www.berneroberlaender.ch\/redirect\/berneroberlaender.ch\/kultur\/fernsehen\/Fuenf-wilde-Berner-fliegen-ueber-die-TVTalentbuehne\/story\/10384024\" target=\"_blank\" rel=\"noopener noreferrer\">F\u00fcnf wilde Berner fliegen \u00fcber die TV-Talentb\u00fchne<\/a><\/p>\n<p><a href=\"https:\/\/www.bernerzeitung.ch\/leben\/reisen\/Akrobatischer-Roadtrip-durch-die-Schweiz\/story\/24276250\" target=\"_blank\" rel=\"noopener noreferrer\">Akrobatischer Roadtrip durch die Schweiz<\/a><\/p>\n<p><a href=\"https:\/\/www.bernerzeitung.ch\/kultur\/fernsehen\/Die-Berner-Halbfinalisten-machen-Laune\/story\/24983532\" target=\"_blank\" rel=\"noopener noreferrer\">Die Berner Halbfinalisten machen Laune<\/a><\/p>\n<p><a href=\"https:\/\/www.blick.ch\/news\/schweiz\/bern\/mittendrin-das-matterhorn-id3746660.html\" target=\"_blank\" rel=\"noopener noreferrer\">\u00abMittendrin: Das Matterhorn\u00bb<\/a><\/p>\n","protected":false},"excerpt":{"rendered":"<p>Links Swisstricks ist auf verschiedenen Webseiten im Internet zu finden. Hier einige Links zu Beitr\u00e4gen \u00fcber uns: &nbsp; Wilde Berner \u00fcberzeugen F\u00fcnf wilde Berner fliegen \u00fcber die TV-Talentb\u00fchne Akrobatischer Roadtrip durch die Schweiz Die Berner Halbfinalisten machen Laune \u00abMittendrin: Das Matterhorn\u00bb<\/p>\n","protected":false},"author":1,"featured_media":723,"parent":0,"menu_order":0,"comment_status":"closed","ping_status":"closed","template":"","meta":{"_acf_changed":false,"inline_featured_image":false,"footnotes":""},"acf":[],"_links":{"self":[{"href":"https:\/\/swisstricks.com\/de\/wp-json\/wp\/v2\/pages\/909"}],"collection":[{"href":"https:\/\/swisstricks.com\/de\/wp-json\/wp\/v2\/pages"}],"about":[{"href":"https:\/\/swisstricks.com\/de\/wp-json\/wp\/v2\/types\/page"}],"author":[{"embeddable":true,"href":"https:\/\/swisstricks.com\/de\/wp-json\/wp\/v2\/users\/1"}],"replies":[{"embeddable":true,"href":"https:\/\/swisstricks.com\/de\/wp-json\/wp\/v2\/comments?post=909"}],"version-history":[{"count":6,"href":"https:\/\/swisstricks.com\/de\/wp-json\/wp\/v2\/pages\/909\/revisions"}],"predecessor-version":[{"id":916,"href":"https:\/\/swisstricks.com\/de\/wp-json\/wp\/v2\/pages\/909\/revisions\/916"}],"wp:featuredmedia":[{"embeddable":true,"href":"https:\/\/swisstricks.com\/de\/wp-json\/wp\/v2\/media\/723"}],"wp:attachment":[{"href":"https:\/\/swisstricks.com\/de\/wp-json\/wp\/v2\/media?parent=909"}],"curies":[{"name":"wp","href":"https:\/\/api.w.org\/{rel}","templated":true}]}}