{"id":6,"date":"2018-01-18T18:27:51","date_gmt":"2018-01-18T18:27:51","guid":{"rendered":"http:\/\/swisstricks.com\/?page_id=6"},"modified":"2018-03-09T23:19:45","modified_gmt":"2018-03-09T23:19:45","slug":"showteam","status":"publish","type":"page","link":"https:\/\/swisstricks.com\/de\/showteam\/","title":{"rendered":"Showteam"},"content":{"rendered":"<h1 style=\"text-align: left;\">Showteam<\/h1>\n<p style=\"text-align: left;\"><span style=\"font-weight: 400;\">Swisstricks ist ein Kampfsport-Akrobatik Showteam aus Bern in der Schweiz und besteht aus bereits mehrfach ausgezeichneten Kampfsportler sowie Freestyle Artisten. Die Formation verbindet diverse Stile und Elemente aus Kampfkunst \/ Breakdance mit Akrobatik. Verpackt wird das ganze in eine explosive, choreographierte Show, gew\u00fcrzt mit einer Prise Humor. Seit dem Jahr 2003 begeistern sie das Publikum auf kleinen und grossen B\u00fchnen im In- wie auch im Ausland.<\/span><\/p>\n<p style=\"text-align: left;\"><span style=\"font-weight: 400;\">Ob Showblock, Guerilla-Promotion, Messe, B\u00fchnenshow, Auftritte bei Galas, Variet\u00e9s oder ihrem Firmenanlass, wir verf\u00fcgen \u00fcber ein breites Repertoire, setzen ihre W\u00fcnsche gekonnt um und machen mit Ihnen jeden Event zum unvergesslichen Erlebnis.<\/span><\/p>\n<p>&nbsp;<\/p>\n","protected":false},"excerpt":{"rendered":"<p>Showteam Swisstricks ist ein Kampfsport-Akrobatik Showteam aus Bern in der Schweiz und besteht aus bereits mehrfach ausgezeichneten Kampfsportler sowie Freestyle Artisten. Die Formation verbindet diverse Stile und Elemente aus Kampfkunst \/ Breakdance mit Akrobatik. Verpackt wird das ganze in eine explosive, choreographierte Show, gew\u00fcrzt mit einer Prise Humor. Seit dem Jahr 2003 begeistern sie das [&hellip;]<\/p>\n","protected":false},"author":1,"featured_media":825,"parent":0,"menu_order":0,"comment_status":"closed","ping_status":"closed","template":"","meta":{"_acf_changed":false,"inline_featured_image":false,"footnotes":""},"acf":[],"_links":{"self":[{"href":"https:\/\/swisstricks.com\/de\/wp-json\/wp\/v2\/pages\/6"}],"collection":[{"href":"https:\/\/swisstricks.com\/de\/wp-json\/wp\/v2\/pages"}],"about":[{"href":"https:\/\/swisstricks.com\/de\/wp-json\/wp\/v2\/types\/page"}],"author":[{"embeddable":true,"href":"https:\/\/swisstricks.com\/de\/wp-json\/wp\/v2\/users\/1"}],"replies":[{"embeddable":true,"href":"https:\/\/swisstricks.com\/de\/wp-json\/wp\/v2\/comments?post=6"}],"version-history":[{"count":47,"href":"https:\/\/swisstricks.com\/de\/wp-json\/wp\/v2\/pages\/6\/revisions"}],"predecessor-version":[{"id":602,"href":"https:\/\/swisstricks.com\/de\/wp-json\/wp\/v2\/pages\/6\/revisions\/602"}],"wp:featuredmedia":[{"embeddable":true,"href":"https:\/\/swisstricks.com\/de\/wp-json\/wp\/v2\/media\/825"}],"wp:attachment":[{"href":"https:\/\/swisstricks.com\/de\/wp-json\/wp\/v2\/media?parent=6"}],"curies":[{"name":"wp","href":"https:\/\/api.w.org\/{rel}","templated":true}]}}