{"id":254,"date":"2018-02-11T17:51:44","date_gmt":"2018-02-11T17:51:44","guid":{"rendered":"http:\/\/swisstricks.com\/?page_id=254"},"modified":"2018-03-16T06:16:31","modified_gmt":"2018-03-16T06:16:31","slug":"helvetic-tricking","status":"publish","type":"page","link":"https:\/\/swisstricks.com\/de\/projects\/helvetic-tricking\/","title":{"rendered":"Helvetic Tricking"},"content":{"rendered":"<h1>Helvetic Tricking<\/h1>\n<p><span style=\"font-weight: 400;\">Nach einem erfolgreichen sechst\u00e4gigen \u00abNo-Budget Projekt\u00bb im Jahr 2012, lancierten wir 2014 ein zweites, professionelleres Filmprojekt. Atemberaubende Landschaften und spektakul\u00e4re Akrobatik in Slowmotion zeigen die Schweiz aus einer nicht allt\u00e4glichen Perspektive. Berge, T\u00e4ler und Seen werden zu unserem Schauplatz. Bewaffnet mit Foto- und Videoequipment ziehen wir durch unser Heimatland und zeigen es von seiner Schokoladenseite. <\/span><\/p>\n","protected":false},"excerpt":{"rendered":"<p>Helvetic Tricking Nach einem erfolgreichen sechst\u00e4gigen \u00abNo-Budget Projekt\u00bb im Jahr 2012, lancierten wir 2014 ein zweites, professionelleres Filmprojekt. Atemberaubende Landschaften und spektakul\u00e4re Akrobatik in Slowmotion zeigen die Schweiz aus einer nicht allt\u00e4glichen Perspektive. Berge, T\u00e4ler und Seen werden zu unserem Schauplatz. Bewaffnet mit Foto- und Videoequipment ziehen wir durch unser Heimatland und zeigen es von [&hellip;]<\/p>\n","protected":false},"author":1,"featured_media":723,"parent":10,"menu_order":0,"comment_status":"closed","ping_status":"closed","template":"","meta":{"_acf_changed":false,"inline_featured_image":false,"footnotes":""},"acf":[],"_links":{"self":[{"href":"https:\/\/swisstricks.com\/de\/wp-json\/wp\/v2\/pages\/254"}],"collection":[{"href":"https:\/\/swisstricks.com\/de\/wp-json\/wp\/v2\/pages"}],"about":[{"href":"https:\/\/swisstricks.com\/de\/wp-json\/wp\/v2\/types\/page"}],"author":[{"embeddable":true,"href":"https:\/\/swisstricks.com\/de\/wp-json\/wp\/v2\/users\/1"}],"replies":[{"embeddable":true,"href":"https:\/\/swisstricks.com\/de\/wp-json\/wp\/v2\/comments?post=254"}],"version-history":[{"count":8,"href":"https:\/\/swisstricks.com\/de\/wp-json\/wp\/v2\/pages\/254\/revisions"}],"predecessor-version":[{"id":902,"href":"https:\/\/swisstricks.com\/de\/wp-json\/wp\/v2\/pages\/254\/revisions\/902"}],"up":[{"embeddable":true,"href":"https:\/\/swisstricks.com\/de\/wp-json\/wp\/v2\/pages\/10"}],"wp:featuredmedia":[{"embeddable":true,"href":"https:\/\/swisstricks.com\/de\/wp-json\/wp\/v2\/media\/723"}],"wp:attachment":[{"href":"https:\/\/swisstricks.com\/de\/wp-json\/wp\/v2\/media?parent=254"}],"curies":[{"name":"wp","href":"https:\/\/api.w.org\/{rel}","templated":true}]}}