{"id":246,"date":"2018-02-11T17:45:58","date_gmt":"2018-02-11T17:45:58","guid":{"rendered":"http:\/\/swisstricks.com\/?page_id=246"},"modified":"2018-03-11T15:01:15","modified_gmt":"2018-03-11T15:01:15","slug":"swiss-trick-nation","status":"publish","type":"page","link":"https:\/\/swisstricks.com\/de\/projects\/swiss-trick-nation\/","title":{"rendered":"Swiss Trick Nation"},"content":{"rendered":"<h1>Swiss Trick Nation<\/h1>\n<p>Nicht nur in Bern wird trainiert. In der ganzen Schweiz verteilt befinden sich Trainigsm\u00f6glichkeiten und Schulen. Swiss Trick Nation ist eine Art \u00dcberbegriff der die ganze Tricking Szene unter einen Hut bringt und sie miteinander verkn\u00fcpft.<\/p>\n<p>Immer wider treffen sich die Gruppen um zusammen zu trainieren.<\/p>\n<p>&nbsp;<\/p>\n<p><iframe loading=\"lazy\" src=\"https:\/\/www.google.com\/maps\/d\/embed?mid=10Ei0z44z_qic-GQ2JrHs3ZtSsvuhLpve&amp;hl=de\" width=\"100%\" height=\"480\"><\/iframe><\/p>\n","protected":false},"excerpt":{"rendered":"<p>Swiss Trick Nation Nicht nur in Bern wird trainiert. In der ganzen Schweiz verteilt befinden sich Trainigsm\u00f6glichkeiten und Schulen. Swiss Trick Nation ist eine Art \u00dcberbegriff der die ganze Tricking Szene unter einen Hut bringt und sie miteinander verkn\u00fcpft. Immer wider treffen sich die Gruppen um zusammen zu trainieren. &nbsp;<\/p>\n","protected":false},"author":1,"featured_media":786,"parent":10,"menu_order":0,"comment_status":"closed","ping_status":"closed","template":"","meta":{"_acf_changed":false,"inline_featured_image":false,"footnotes":""},"acf":[],"_links":{"self":[{"href":"https:\/\/swisstricks.com\/de\/wp-json\/wp\/v2\/pages\/246"}],"collection":[{"href":"https:\/\/swisstricks.com\/de\/wp-json\/wp\/v2\/pages"}],"about":[{"href":"https:\/\/swisstricks.com\/de\/wp-json\/wp\/v2\/types\/page"}],"author":[{"embeddable":true,"href":"https:\/\/swisstricks.com\/de\/wp-json\/wp\/v2\/users\/1"}],"replies":[{"embeddable":true,"href":"https:\/\/swisstricks.com\/de\/wp-json\/wp\/v2\/comments?post=246"}],"version-history":[{"count":9,"href":"https:\/\/swisstricks.com\/de\/wp-json\/wp\/v2\/pages\/246\/revisions"}],"predecessor-version":[{"id":879,"href":"https:\/\/swisstricks.com\/de\/wp-json\/wp\/v2\/pages\/246\/revisions\/879"}],"up":[{"embeddable":true,"href":"https:\/\/swisstricks.com\/de\/wp-json\/wp\/v2\/pages\/10"}],"wp:featuredmedia":[{"embeddable":true,"href":"https:\/\/swisstricks.com\/de\/wp-json\/wp\/v2\/media\/786"}],"wp:attachment":[{"href":"https:\/\/swisstricks.com\/de\/wp-json\/wp\/v2\/media?parent=246"}],"curies":[{"name":"wp","href":"https:\/\/api.w.org\/{rel}","templated":true}]}}